{"id":181,"date":"2025-02-03T10:31:24","date_gmt":"2025-02-03T10:31:24","guid":{"rendered":"https:\/\/mybionatural.com\/?page_id=181"},"modified":"2025-02-03T17:43:53","modified_gmt":"2025-02-03T17:43:53","slug":"arten-der-gesammelten-daten","status":"publish","type":"page","link":"https:\/\/mybionatural.com\/de\/arten-der-gesammelten-daten\/","title":{"rendered":"Arten der gesammelten Daten"},"content":{"rendered":"\n<p>Diese Website sammelt die folgenden personenbezogenen Daten, die entweder direkt vom Benutzer bereitgestellt oder automatisch erfasst werden:<\/p>\n\n\n\n<ul class=\"wp-block-list\">\n<li>E-Mail-Adresse, falls der Benutzer uns freiwillig kontaktiert.<\/li>\n\n\n\n<li>Nutzungsdaten und Cookies, mit dem einzigen Zweck, die Benutzererfahrung zu verbessern und die Funktionalit\u00e4t der Website zu optimieren.<\/li>\n<\/ul>\n\n\n\n<p>Die Verwendung von Cookies oder Tracking-Tools erfolgt ausschlie\u00dflich zur Optimierung des Dienstes. Die Verweigerung der Bereitstellung bestimmter Daten kann den Zugang zu einigen Funktionen der Website einschr\u00e4nken.<\/p>\n\n\n\n<p>Der Benutzer ist verantwortlich f\u00fcr jegliche personenbezogenen Daten von Dritten, die er auf dieser Website ver\u00f6ffentlicht oder teilt.<\/p>\n\n\n\n<hr class=\"wp-block-separator has-alpha-channel-opacity\"\/>\n\n\n\n<h3 class=\"wp-block-heading\"><strong>Methoden der Datenverarbeitung<\/strong><\/h3>\n\n\n\n<h4 class=\"wp-block-heading\"><strong>Sicherheit und Schutz<\/strong><\/h4>\n\n\n\n<p>Wir setzen fortschrittliche Sicherheitsma\u00dfnahmen ein, um personenbezogene Daten vor unbefugtem Zugriff, Offenlegung, \u00c4nderung oder Zerst\u00f6rung zu sch\u00fctzen.<\/p>\n\n\n\n<p>Die Verarbeitung erfolgt mit Hilfe von Informations- und Kommunikationstechnologien, die strikt mit den angegebenen Zwecken verbunden sind. Zus\u00e4tzlich zum Betreiber der Website k\u00f6nnen die Daten f\u00fcr folgende Parteien zug\u00e4nglich sein:<\/p>\n\n\n\n<p>\u2714 Verwaltungs- und Vertriebspersonal<br>\u2714 Technische Dienstleister und Hosting-Anbieter<br>\u2714 Kommunikationsagenturen<\/p>\n\n\n\n<p>Eine aktuelle Liste der Verantwortlichen f\u00fcr die Datenverarbeitung kann beim Betreiber der Website angefordert werden.<\/p>\n\n\n\n<h4 class=\"wp-block-heading\"><strong>Ort der Datenverarbeitung<\/strong><\/h4>\n\n\n\n<p>Die Daten werden in den Betriebsst\u00e4tten des Betreibers und an jedem anderen Ort verarbeitet, an dem die beteiligten Parteien ans\u00e4ssig sind.<\/p>\n\n\n\n<h4 class=\"wp-block-heading\"><strong>Speicherdauer<\/strong><\/h4>\n\n\n\n<p>Die Daten werden f\u00fcr die Zeit gespeichert, die f\u00fcr die Erbringung des vom Benutzer angeforderten Dienstes oder zur Erf\u00fcllung gesetzlicher Verpflichtungen erforderlich ist. Der Benutzer kann jederzeit die L\u00f6schung seiner personenbezogenen Daten verlangen.<\/p>\n\n\n\n<hr class=\"wp-block-separator has-alpha-channel-opacity\"\/>\n\n\n\n<h3 class=\"wp-block-heading\"><strong>Zweck der Datenverarbeitung<\/strong><\/h3>\n\n\n\n<p>Die gesammelten Daten werden zu folgenden Zwecken verwendet:<\/p>\n\n\n\n<p>\u2714 Verwaltung von Kontakten und Versand von E-Mails, um auf die Anfragen der Benutzer zu antworten.<br>\u2714 Navigation-Statistiken (Google Analytics mit anonymisierten IPs).<br>\u2714 Interaktion mit sozialen Netzwerken und externen Plattformen (Facebook, Google, YouTube, Twitter, LinkedIn, Pinterest).<br>\u2714 Verbesserung der Benutzererfahrung durch technische und funktionale Cookies.<\/p>\n\n\n\n<h4 class=\"wp-block-heading\"><strong>Kommentare und Kontaktformulare<\/strong><\/h4>\n\n\n\n<p>Wenn ein Benutzer einen Kommentar hinterl\u00e4sst, sammeln wir die im Formular eingegebenen Daten, die IP-Adresse und den Browser, um m\u00f6gliche Spam-Inhalte zu erkennen.<\/p>\n\n\n\n<p>Die Kontaktformulare auf der Website erm\u00f6glichen es Benutzern, Anfragen zu senden. Die gesammelten Daten (Name, Nachname, E-Mail) werden ausschlie\u00dflich verwendet, um auf die Anfragen zu antworten.<\/p>\n\n\n\n<hr class=\"wp-block-separator has-alpha-channel-opacity\"\/>\n\n\n\n<h3 class=\"wp-block-heading\"><strong>Cookies und Tracking-Technologien<\/strong><\/h3>\n\n\n\n<p>Cookies sind Textdateien, die auf dem Ger\u00e4t des Benutzers gespeichert werden, um dessen Erfahrung auf der Website zu verbessern.<\/p>\n\n\n\n<p>Diese Website verwendet:<\/p>\n\n\n\n<p>\u2714 Technische Cookies \u2192 Notwendig f\u00fcr das ordnungsgem\u00e4\u00dfe Funktionieren der Website.<br>\u2714 Analytische Cookies (anonymisiert) \u2192 Werden ausschlie\u00dflich zu statistischen Zwecken verwendet.<br>\u2714 Drittanbieter-Cookies \u2192 Verbunden mit externen Diensten wie Google Analytics, Facebook Pixel, YouTube und sozialen Sharing-Tools.<\/p>\n\n\n\n<p>Der Benutzer kann die Cookies in den Einstellungen seines Browsers deaktivieren.<\/p>\n\n\n\n<hr class=\"wp-block-separator has-alpha-channel-opacity\"\/>\n\n\n\n<h3 class=\"wp-block-heading\"><strong>Wie man Cookies verwaltet oder deaktiviert<\/strong><\/h3>\n\n\n\n<p>Du kannst die Cookie-Einstellungen direkt in deinem Browser \u00e4ndern:<\/p>\n\n\n\n<ul class=\"wp-block-list\">\n<li>Google Chrome<\/li>\n\n\n\n<li>Mozilla Firefox<\/li>\n\n\n\n<li>Apple Safari<\/li>\n\n\n\n<li>Microsoft Edge<\/li>\n<\/ul>\n\n\n\n<p>Um Cookies auf mobilen Ger\u00e4ten zu l\u00f6schen, konsultiere bitte das Handbuch deines Ger\u00e4ts.<\/p>\n\n\n\n<hr class=\"wp-block-separator has-alpha-channel-opacity\"\/>\n\n\n\n<h3 class=\"wp-block-heading\"><strong>Analyse und Tracking<\/strong><\/h3>\n\n\n\n<h4 class=\"wp-block-heading\"><strong>Google Analytics (mit anonymisierter IP)<\/strong><\/h4>\n\n\n\n<p>Wir verwenden Google Analytics, um aggregierte Daten \u00fcber die Website-Besuche zu sammeln. Die Informationen werden anonymisiert und ausschlie\u00dflich zu statistischen Zwecken verwendet.<\/p>\n\n\n\n<p>Google kann diese Daten gem\u00e4\u00df seiner <strong>Datenschutzrichtlinie<\/strong> verarbeiten.<\/p>\n\n\n\n<h4 class=\"wp-block-heading\"><strong>Facebook Ads Tracking<\/strong><\/h4>\n\n\n\n<p>Wir verwenden den <strong>Facebook Pixel<\/strong>, um die Effektivit\u00e4t unserer Werbekampagnen auf Facebook zu bewerten.<\/p>\n\n\n\n<p>Gesammelte Daten: Cookies und Nutzungsdaten.<br>Ort der Verarbeitung: USA \u2013 <strong>Facebook Datenschutzrichtlinie<\/strong>.<\/p>\n\n\n\n<hr class=\"wp-block-separator has-alpha-channel-opacity\"\/>\n\n\n\n<h3 class=\"wp-block-heading\"><strong>Eingebettete Inhalte von anderen Websites<\/strong><\/h3>\n\n\n\n<p>Einige Artikel auf dieser Website k\u00f6nnen YouTube-Videos oder Social-Media-Posts enthalten. Diese Inhalte verhalten sich genauso, als ob der Benutzer die Website des Ursprungsanbieters direkt besuchen w\u00fcrde, der gegebenenfalls personenbezogene Daten gem\u00e4\u00df seiner eigenen Richtlinien sammelt.<\/p>\n\n\n\n<hr class=\"wp-block-separator has-alpha-channel-opacity\"\/>\n\n\n\n<h3 class=\"wp-block-heading\"><strong>Rechte der Benutzer in Bezug auf ihre personenbezogenen Daten<\/strong><\/h3>\n\n\n\n<p>Der Benutzer hat das Recht:<\/p>\n\n\n\n<p>\u2714 Zugang zu seinen personenbezogenen Daten zu verlangen.<br>\u2714 Die Berichtigung oder L\u00f6schung der Daten zu beantragen.<br>\u2714 Der Verarbeitung zu Marketingzwecken zu widersprechen.<br>\u2714 Seine Daten an einen anderen Dienstleister zu \u00fcbertragen.<\/p>\n\n\n\n<p>Um diese Rechte auszu\u00fcben, kann sich der Benutzer per E-Mail an die auf der Website angegebene Adresse wenden.<\/p>\n\n\n\n<hr class=\"wp-block-separator has-alpha-channel-opacity\"\/>\n\n\n\n<h3 class=\"wp-block-heading\"><strong>Informationen \u00fcber den Verantwortlichen f\u00fcr die Datenverarbeitung<\/strong><\/h3>\n\n\n\n<p>F\u00fcr Anfragen zur Verwaltung personenbezogener Daten k\u00f6nnen sich Benutzer per E-Mail an <strong>info@mybionatural.com<\/strong> wenden.<\/p>\n","protected":false},"excerpt":{"rendered":"<p>Diese Website sammelt die folgenden personenbezogenen Daten, die entweder direkt vom Benutzer bereitgestellt oder automatisch erfasst werden: Die Verwendung von Cookies oder Tracking-Tools erfolgt ausschlie\u00dflich zur Optimierung des Dienstes. Die Verweigerung der Bereitstellung bestimmter Daten kann den Zugang zu einigen Funktionen der Website einschr\u00e4nken. Der Benutzer ist verantwortlich f\u00fcr jegliche personenbezogenen Daten von Dritten, die &#8230; <a title=\"Arten der gesammelten Daten\" class=\"read-more\" href=\"https:\/\/mybionatural.com\/de\/arten-der-gesammelten-daten\/\" aria-label=\"Mehr Informationen \u00fcber Arten der gesammelten Daten\">Weiterlesen<\/a><\/p>\n","protected":false},"author":1,"featured_media":0,"parent":0,"menu_order":0,"comment_status":"closed","ping_status":"closed","template":"","meta":{"_uag_custom_page_level_css":"","footnotes":""},"class_list":["post-181","page","type-page","status-publish"],"yoast_head":"<!-- This site is optimized with the Yoast SEO plugin v24.3 - https:\/\/yoast.com\/wordpress\/plugins\/seo\/ -->\n<title>Arten der gesammelten Daten - My Bio Natural - Wohlbefinden ist ganz Bio<\/title>\n<meta name=\"robots\" content=\"index, follow, max-snippet:-1, max-image-preview:large, max-video-preview:-1\" \/>\n<link rel=\"canonical\" href=\"https:\/\/mybionatural.com\/de\/arten-der-gesammelten-daten\/\" \/>\n<meta property=\"og:locale\" content=\"de_DE\" \/>\n<meta property=\"og:type\" content=\"article\" \/>\n<meta property=\"og:title\" content=\"Arten der gesammelten Daten - My Bio Natural - Wohlbefinden ist ganz Bio\" \/>\n<meta property=\"og:description\" content=\"Diese Website sammelt die folgenden personenbezogenen Daten, die entweder direkt vom Benutzer bereitgestellt oder automatisch erfasst werden: Die Verwendung von Cookies oder Tracking-Tools erfolgt ausschlie\u00dflich zur Optimierung des Dienstes. Die Verweigerung der Bereitstellung bestimmter Daten kann den Zugang zu einigen Funktionen der Website einschr\u00e4nken. Der Benutzer ist verantwortlich f\u00fcr jegliche personenbezogenen Daten von Dritten, die ... Weiterlesen\" \/>\n<meta property=\"og:url\" content=\"https:\/\/mybionatural.com\/de\/arten-der-gesammelten-daten\/\" \/>\n<meta property=\"og:site_name\" content=\"My Bio Natural - Wohlbefinden ist ganz Bio\" \/>\n<meta property=\"article:modified_time\" content=\"2025-02-03T17:43:53+00:00\" \/>\n<meta name=\"twitter:card\" content=\"summary_large_image\" \/>\n<meta name=\"twitter:label1\" content=\"Gesch\u00e4tzte Lesezeit\" \/>\n\t<meta name=\"twitter:data1\" content=\"4\u00a0Minuten\" \/>\n<script type=\"application\/ld+json\" class=\"yoast-schema-graph\">{\"@context\":\"https:\/\/schema.org\",\"@graph\":[{\"@type\":\"WebPage\",\"@id\":\"https:\/\/mybionatural.com\/de\/arten-der-gesammelten-daten\/\",\"url\":\"https:\/\/mybionatural.com\/de\/arten-der-gesammelten-daten\/\",\"name\":\"Arten der gesammelten Daten - My Bio Natural - Wohlbefinden ist ganz Bio\",\"isPartOf\":{\"@id\":\"https:\/\/mybionatural.com\/de\/#website\"},\"datePublished\":\"2025-02-03T10:31:24+00:00\",\"dateModified\":\"2025-02-03T17:43:53+00:00\",\"breadcrumb\":{\"@id\":\"https:\/\/mybionatural.com\/de\/arten-der-gesammelten-daten\/#breadcrumb\"},\"inLanguage\":\"de\",\"potentialAction\":[{\"@type\":\"ReadAction\",\"target\":[\"https:\/\/mybionatural.com\/de\/arten-der-gesammelten-daten\/\"]}]},{\"@type\":\"BreadcrumbList\",\"@id\":\"https:\/\/mybionatural.com\/de\/arten-der-gesammelten-daten\/#breadcrumb\",\"itemListElement\":[{\"@type\":\"ListItem\",\"position\":1,\"name\":\"Home\",\"item\":\"https:\/\/mybionatural.com\/de\/\"},{\"@type\":\"ListItem\",\"position\":2,\"name\":\"Arten der gesammelten Daten\"}]},{\"@type\":\"WebSite\",\"@id\":\"https:\/\/mybionatural.com\/de\/#website\",\"url\":\"https:\/\/mybionatural.com\/de\/\",\"name\":\"My Bio Natural - Wohlbefinden ist ganz Bio\",\"description\":\"\",\"publisher\":{\"@id\":\"https:\/\/mybionatural.com\/de\/#organization\"},\"potentialAction\":[{\"@type\":\"SearchAction\",\"target\":{\"@type\":\"EntryPoint\",\"urlTemplate\":\"https:\/\/mybionatural.com\/de\/?s={search_term_string}\"},\"query-input\":{\"@type\":\"PropertyValueSpecification\",\"valueRequired\":true,\"valueName\":\"search_term_string\"}}],\"inLanguage\":\"de\"},{\"@type\":\"Organization\",\"@id\":\"https:\/\/mybionatural.com\/de\/#organization\",\"name\":\"My Bio Natural - Wohlbefinden ist ganz Bio\",\"url\":\"https:\/\/mybionatural.com\/de\/\",\"logo\":{\"@type\":\"ImageObject\",\"inLanguage\":\"de\",\"@id\":\"https:\/\/mybionatural.com\/de\/#\/schema\/logo\/image\/\",\"url\":\"https:\/\/mybionatural.com\/de\/wp-content\/uploads\/2025\/01\/cropped-ybionatural-3-2.png\",\"contentUrl\":\"https:\/\/mybionatural.com\/de\/wp-content\/uploads\/2025\/01\/cropped-ybionatural-3-2.png\",\"width\":839,\"height\":173,\"caption\":\"My Bio Natural - Wohlbefinden ist ganz Bio\"},\"image\":{\"@id\":\"https:\/\/mybionatural.com\/de\/#\/schema\/logo\/image\/\"}}]}<\/script>\n<!-- \/ Yoast SEO plugin. -->","yoast_head_json":{"title":"Arten der gesammelten Daten - My Bio Natural - Wohlbefinden ist ganz Bio","robots":{"index":"index","follow":"follow","max-snippet":"max-snippet:-1","max-image-preview":"max-image-preview:large","max-video-preview":"max-video-preview:-1"},"canonical":"https:\/\/mybionatural.com\/de\/arten-der-gesammelten-daten\/","og_locale":"de_DE","og_type":"article","og_title":"Arten der gesammelten Daten - My Bio Natural - Wohlbefinden ist ganz Bio","og_description":"Diese Website sammelt die folgenden personenbezogenen Daten, die entweder direkt vom Benutzer bereitgestellt oder automatisch erfasst werden: Die Verwendung von Cookies oder Tracking-Tools erfolgt ausschlie\u00dflich zur Optimierung des Dienstes. Die Verweigerung der Bereitstellung bestimmter Daten kann den Zugang zu einigen Funktionen der Website einschr\u00e4nken. Der Benutzer ist verantwortlich f\u00fcr jegliche personenbezogenen Daten von Dritten, die ... Weiterlesen","og_url":"https:\/\/mybionatural.com\/de\/arten-der-gesammelten-daten\/","og_site_name":"My Bio Natural - Wohlbefinden ist ganz Bio","article_modified_time":"2025-02-03T17:43:53+00:00","twitter_card":"summary_large_image","twitter_misc":{"Gesch\u00e4tzte Lesezeit":"4\u00a0Minuten"},"schema":{"@context":"https:\/\/schema.org","@graph":[{"@type":"WebPage","@id":"https:\/\/mybionatural.com\/de\/arten-der-gesammelten-daten\/","url":"https:\/\/mybionatural.com\/de\/arten-der-gesammelten-daten\/","name":"Arten der gesammelten Daten - My Bio Natural - Wohlbefinden ist ganz Bio","isPartOf":{"@id":"https:\/\/mybionatural.com\/de\/#website"},"datePublished":"2025-02-03T10:31:24+00:00","dateModified":"2025-02-03T17:43:53+00:00","breadcrumb":{"@id":"https:\/\/mybionatural.com\/de\/arten-der-gesammelten-daten\/#breadcrumb"},"inLanguage":"de","potentialAction":[{"@type":"ReadAction","target":["https:\/\/mybionatural.com\/de\/arten-der-gesammelten-daten\/"]}]},{"@type":"BreadcrumbList","@id":"https:\/\/mybionatural.com\/de\/arten-der-gesammelten-daten\/#breadcrumb","itemListElement":[{"@type":"ListItem","position":1,"name":"Home","item":"https:\/\/mybionatural.com\/de\/"},{"@type":"ListItem","position":2,"name":"Arten der gesammelten Daten"}]},{"@type":"WebSite","@id":"https:\/\/mybionatural.com\/de\/#website","url":"https:\/\/mybionatural.com\/de\/","name":"My Bio Natural - Wohlbefinden ist ganz Bio","description":"","publisher":{"@id":"https:\/\/mybionatural.com\/de\/#organization"},"potentialAction":[{"@type":"SearchAction","target":{"@type":"EntryPoint","urlTemplate":"https:\/\/mybionatural.com\/de\/?s={search_term_string}"},"query-input":{"@type":"PropertyValueSpecification","valueRequired":true,"valueName":"search_term_string"}}],"inLanguage":"de"},{"@type":"Organization","@id":"https:\/\/mybionatural.com\/de\/#organization","name":"My Bio Natural - Wohlbefinden ist ganz Bio","url":"https:\/\/mybionatural.com\/de\/","logo":{"@type":"ImageObject","inLanguage":"de","@id":"https:\/\/mybionatural.com\/de\/#\/schema\/logo\/image\/","url":"https:\/\/mybionatural.com\/de\/wp-content\/uploads\/2025\/01\/cropped-ybionatural-3-2.png","contentUrl":"https:\/\/mybionatural.com\/de\/wp-content\/uploads\/2025\/01\/cropped-ybionatural-3-2.png","width":839,"height":173,"caption":"My Bio Natural - Wohlbefinden ist ganz Bio"},"image":{"@id":"https:\/\/mybionatural.com\/de\/#\/schema\/logo\/image\/"}}]}},"pbg_featured_image_src":{"full":false,"thumbnail":false,"medium":false,"medium_large":false,"large":false,"1536x1536":false,"2048x2048":false},"pbg_author_info":{"display_name":"admin","author_link":"https:\/\/mybionatural.com\/de\/author\/alessia-mai\/","author_img":"<img alt='admin' src='https:\/\/secure.gravatar.com\/avatar\/6da106e204a9bddb6f15616a0bc25027af252308b1150e463893e12dc2ddf025?s=128&#038;d=mm&#038;r=g' srcset='https:\/\/secure.gravatar.com\/avatar\/6da106e204a9bddb6f15616a0bc25027af252308b1150e463893e12dc2ddf025?s=256&#038;d=mm&#038;r=g 2x' class='avatar avatar-128 photo' height='128' width='128' loading='lazy' decoding='async'\/>"},"pbg_comment_info":" No Comments","pbg_excerpt":"Diese Website sammelt die folgenden personenbezogenen Daten, die entweder direkt vom Benutzer bereitgestellt oder automatisch erfasst werden: Die Verwendung von Cookies oder Tracking-Tools erfolgt ausschlie\u00dflich zur Optimierung des Dienstes. Die Verweigerung der Bereitstellung bestimmter Daten kann den Zugang zu einigen Funktionen der Website einschr\u00e4nken. Der Benutzer ist verantwortlich f\u00fcr jegliche personenbezogenen Daten von Dritten, die&hellip;","uagb_featured_image_src":{"full":false,"thumbnail":false,"medium":false,"medium_large":false,"large":false,"1536x1536":false,"2048x2048":false},"uagb_author_info":{"display_name":"admin","author_link":"https:\/\/mybionatural.com\/de\/author\/alessia-mai\/"},"uagb_comment_info":0,"uagb_excerpt":"Diese Website sammelt die folgenden personenbezogenen Daten, die entweder direkt vom Benutzer bereitgestellt oder automatisch erfasst werden: Die Verwendung von Cookies oder Tracking-Tools erfolgt ausschlie\u00dflich zur Optimierung des Dienstes. Die Verweigerung der Bereitstellung bestimmter Daten kann den Zugang zu einigen Funktionen der Website einschr\u00e4nken. Der Benutzer ist verantwortlich f\u00fcr jegliche personenbezogenen Daten von Dritten, die&hellip;","_links":{"self":[{"href":"https:\/\/mybionatural.com\/de\/wp-json\/wp\/v2\/pages\/181","targetHints":{"allow":["GET"]}}],"collection":[{"href":"https:\/\/mybionatural.com\/de\/wp-json\/wp\/v2\/pages"}],"about":[{"href":"https:\/\/mybionatural.com\/de\/wp-json\/wp\/v2\/types\/page"}],"author":[{"embeddable":true,"href":"https:\/\/mybionatural.com\/de\/wp-json\/wp\/v2\/users\/1"}],"replies":[{"embeddable":true,"href":"https:\/\/mybionatural.com\/de\/wp-json\/wp\/v2\/comments?post=181"}],"version-history":[{"count":4,"href":"https:\/\/mybionatural.com\/de\/wp-json\/wp\/v2\/pages\/181\/revisions"}],"predecessor-version":[{"id":205,"href":"https:\/\/mybionatural.com\/de\/wp-json\/wp\/v2\/pages\/181\/revisions\/205"}],"wp:attachment":[{"href":"https:\/\/mybionatural.com\/de\/wp-json\/wp\/v2\/media?parent=181"}],"curies":[{"name":"wp","href":"https:\/\/api.w.org\/{rel}","templated":true}]}}