{"id":331,"date":"2025-02-07T09:30:54","date_gmt":"2025-02-07T09:30:54","guid":{"rendered":"https:\/\/mybionatural.com\/es\/?page_id=331"},"modified":"2025-02-08T13:42:40","modified_gmt":"2025-02-08T13:42:40","slug":"gracias-por-tu-pedido","status":"publish","type":"page","link":"https:\/\/mybionatural.com\/es\/gracias-por-tu-pedido\/","title":{"rendered":"\u00a1Gracias por tu pedido! \ud83c\udf89"},"content":{"rendered":"\n<p>Tu solicitud ha sido recibida y estamos procesando tu pedido. En breve, un operador especializado se pondr\u00e1 en contacto contigo para completar el proceso de compra y resolver cualquier duda que puedas tener. \ud83d\udcde<\/p>\n\n\n\n<p class=\"has-medium-font-size\"><strong>\u00bfQu\u00e9 sucede ahora? \ud83e\udd14<\/strong><\/p>\n\n\n\n<!-- Event snippet for CONVERSIONE GENERALE conversion page -->\n<script>\n  gtag('event', 'conversion', {\n      'send_to': 'AW-819411998\/jsjBCL_LmYQBEJ743IYD',\n      'value': 20.0,\n      'currency': 'EUR'\n  });\n<\/script>\n\n\n\n<ul class=\"wp-block-list\">\n<li>Nuestro equipo revisar\u00e1 tu pedido. \u2705<\/li>\n\n\n\n<li>Un operador te llamar\u00e1 dentro de poco para confirmar los detalles. \ud83d\udcf2<\/li>\n\n\n\n<li>Una vez confirmado, procederemos con el env\u00edo. \ud83d\ude80<\/li>\n<\/ul>\n\n\n\n<h3 class=\"wp-block-heading has-medium-font-size\">\u00a1Atento a tu tel\u00e9fono! \ud83d\udce2<\/h3>\n\n\n\n<p>Aseg\u00farate de tener tu tel\u00e9fono disponible para agilizar el proceso de compra.<\/p>\n\n\n\n<p class=\"has-medium-font-size\"><strong>Beneficios de comprar con nosotros: \ud83d\uded2<\/strong><\/p>\n\n\n\n<ul class=\"wp-block-list\">\n<li><strong>Atenci\u00f3n personalizada:<\/strong> Asesoramiento por parte de nuestros expertos. \ud83d\udc69\u200d\ud83d\udcbc\ud83d\udc68\u200d\ud83d\udcbc<\/li>\n\n\n\n<li><strong>Seguridad y confianza:<\/strong> Procesos de compra 100% seguros. \ud83d\udd12<\/li>\n\n\n\n<li><strong>Entrega r\u00e1pida:<\/strong> Recibe tu producto en el menor tiempo posible. \ud83d\ude9a\ud83d\udca8<\/li>\n<\/ul>\n\n\n\n<p>Gracias por confiar en nosotros. \u00a1Te atenderemos en breve! \ud83d\ude0a<\/p>\n","protected":false},"excerpt":{"rendered":"<p>Tu solicitud ha sido recibida y estamos procesando tu pedido. En breve, un operador especializado se pondr\u00e1 en contacto contigo para completar el proceso de compra y resolver cualquier duda que puedas tener. \ud83d\udcde \u00bfQu\u00e9 sucede ahora? \ud83e\udd14 \u00a1Atento a tu tel\u00e9fono! \ud83d\udce2 Aseg\u00farate de tener tu tel\u00e9fono disponible para agilizar el proceso de compra. &#8230; <a title=\"\u00a1Gracias por tu pedido! \ud83c\udf89\" class=\"read-more\" href=\"https:\/\/mybionatural.com\/es\/gracias-por-tu-pedido\/\" aria-label=\"Leer m\u00e1s sobre \u00a1Gracias por tu pedido! \ud83c\udf89\">Leer m\u00e1s<\/a><\/p>\n","protected":false},"author":2,"featured_media":0,"parent":0,"menu_order":0,"comment_status":"closed","ping_status":"closed","template":"","meta":{"_uag_custom_page_level_css":"","footnotes":""},"class_list":["post-331","page","type-page","status-publish"],"yoast_head":"<!-- This site is optimized with the Yoast SEO plugin v24.6 - https:\/\/yoast.com\/wordpress\/plugins\/seo\/ -->\n<title>\u00a1Gracias por tu pedido! \ud83c\udf89 - My Bio Natural - El bienestar es todo bio<\/title>\n<meta name=\"robots\" content=\"index, follow, max-snippet:-1, max-image-preview:large, max-video-preview:-1\" \/>\n<link rel=\"canonical\" href=\"https:\/\/mybionatural.com\/es\/gracias-por-tu-pedido\/\" \/>\n<meta property=\"og:locale\" content=\"es_ES\" \/>\n<meta property=\"og:type\" content=\"article\" \/>\n<meta property=\"og:title\" content=\"\u00a1Gracias por tu pedido! \ud83c\udf89 - My Bio Natural - El bienestar es todo bio\" \/>\n<meta property=\"og:description\" content=\"Tu solicitud ha sido recibida y estamos procesando tu pedido. En breve, un operador especializado se pondr\u00e1 en contacto contigo para completar el proceso de compra y resolver cualquier duda que puedas tener. \ud83d\udcde \u00bfQu\u00e9 sucede ahora? \ud83e\udd14 \u00a1Atento a tu tel\u00e9fono! \ud83d\udce2 Aseg\u00farate de tener tu tel\u00e9fono disponible para agilizar el proceso de compra. ... Leer m\u00e1s\" \/>\n<meta property=\"og:url\" content=\"https:\/\/mybionatural.com\/es\/gracias-por-tu-pedido\/\" \/>\n<meta property=\"og:site_name\" content=\"My Bio Natural - El bienestar es todo bio\" \/>\n<meta property=\"article:modified_time\" content=\"2025-02-08T13:42:40+00:00\" \/>\n<meta name=\"twitter:card\" content=\"summary_large_image\" \/>\n<meta name=\"twitter:label1\" content=\"Tiempo de lectura\" \/>\n\t<meta name=\"twitter:data1\" content=\"1 minuto\" \/>\n<script type=\"application\/ld+json\" class=\"yoast-schema-graph\">{\"@context\":\"https:\/\/schema.org\",\"@graph\":[{\"@type\":\"WebPage\",\"@id\":\"https:\/\/mybionatural.com\/es\/gracias-por-tu-pedido\/\",\"url\":\"https:\/\/mybionatural.com\/es\/gracias-por-tu-pedido\/\",\"name\":\"\u00a1Gracias por tu pedido! \ud83c\udf89 - My Bio Natural - El bienestar es todo bio\",\"isPartOf\":{\"@id\":\"https:\/\/mybionatural.com\/es\/#website\"},\"datePublished\":\"2025-02-07T09:30:54+00:00\",\"dateModified\":\"2025-02-08T13:42:40+00:00\",\"breadcrumb\":{\"@id\":\"https:\/\/mybionatural.com\/es\/gracias-por-tu-pedido\/#breadcrumb\"},\"inLanguage\":\"es\",\"potentialAction\":[{\"@type\":\"ReadAction\",\"target\":[\"https:\/\/mybionatural.com\/es\/gracias-por-tu-pedido\/\"]}]},{\"@type\":\"BreadcrumbList\",\"@id\":\"https:\/\/mybionatural.com\/es\/gracias-por-tu-pedido\/#breadcrumb\",\"itemListElement\":[{\"@type\":\"ListItem\",\"position\":1,\"name\":\"Home\",\"item\":\"https:\/\/mybionatural.com\/es\/\"},{\"@type\":\"ListItem\",\"position\":2,\"name\":\"\u00a1Gracias por tu pedido! \ud83c\udf89\"}]},{\"@type\":\"WebSite\",\"@id\":\"https:\/\/mybionatural.com\/es\/#website\",\"url\":\"https:\/\/mybionatural.com\/es\/\",\"name\":\"My Bio Natural - El bienestar es todo bio\",\"description\":\"\",\"publisher\":{\"@id\":\"https:\/\/mybionatural.com\/es\/#organization\"},\"potentialAction\":[{\"@type\":\"SearchAction\",\"target\":{\"@type\":\"EntryPoint\",\"urlTemplate\":\"https:\/\/mybionatural.com\/es\/?s={search_term_string}\"},\"query-input\":{\"@type\":\"PropertyValueSpecification\",\"valueRequired\":true,\"valueName\":\"search_term_string\"}}],\"inLanguage\":\"es\"},{\"@type\":\"Organization\",\"@id\":\"https:\/\/mybionatural.com\/es\/#organization\",\"name\":\"My Bio Natural - El bienestar es todo bio\",\"url\":\"https:\/\/mybionatural.com\/es\/\",\"logo\":{\"@type\":\"ImageObject\",\"inLanguage\":\"es\",\"@id\":\"https:\/\/mybionatural.com\/es\/#\/schema\/logo\/image\/\",\"url\":\"https:\/\/mybionatural.com\/es\/wp-content\/uploads\/2025\/01\/cropped-ybionatural-3-2.png\",\"contentUrl\":\"https:\/\/mybionatural.com\/es\/wp-content\/uploads\/2025\/01\/cropped-ybionatural-3-2.png\",\"width\":839,\"height\":173,\"caption\":\"My Bio Natural - El bienestar es todo bio\"},\"image\":{\"@id\":\"https:\/\/mybionatural.com\/es\/#\/schema\/logo\/image\/\"}}]}<\/script>\n<!-- \/ Yoast SEO plugin. -->","yoast_head_json":{"title":"\u00a1Gracias por tu pedido! \ud83c\udf89 - My Bio Natural - El bienestar es todo bio","robots":{"index":"index","follow":"follow","max-snippet":"max-snippet:-1","max-image-preview":"max-image-preview:large","max-video-preview":"max-video-preview:-1"},"canonical":"https:\/\/mybionatural.com\/es\/gracias-por-tu-pedido\/","og_locale":"es_ES","og_type":"article","og_title":"\u00a1Gracias por tu pedido! \ud83c\udf89 - My Bio Natural - El bienestar es todo bio","og_description":"Tu solicitud ha sido recibida y estamos procesando tu pedido. En breve, un operador especializado se pondr\u00e1 en contacto contigo para completar el proceso de compra y resolver cualquier duda que puedas tener. \ud83d\udcde \u00bfQu\u00e9 sucede ahora? \ud83e\udd14 \u00a1Atento a tu tel\u00e9fono! \ud83d\udce2 Aseg\u00farate de tener tu tel\u00e9fono disponible para agilizar el proceso de compra. ... Leer m\u00e1s","og_url":"https:\/\/mybionatural.com\/es\/gracias-por-tu-pedido\/","og_site_name":"My Bio Natural - El bienestar es todo bio","article_modified_time":"2025-02-08T13:42:40+00:00","twitter_card":"summary_large_image","twitter_misc":{"Tiempo de lectura":"1 minuto"},"schema":{"@context":"https:\/\/schema.org","@graph":[{"@type":"WebPage","@id":"https:\/\/mybionatural.com\/es\/gracias-por-tu-pedido\/","url":"https:\/\/mybionatural.com\/es\/gracias-por-tu-pedido\/","name":"\u00a1Gracias por tu pedido! \ud83c\udf89 - My Bio Natural - El bienestar es todo bio","isPartOf":{"@id":"https:\/\/mybionatural.com\/es\/#website"},"datePublished":"2025-02-07T09:30:54+00:00","dateModified":"2025-02-08T13:42:40+00:00","breadcrumb":{"@id":"https:\/\/mybionatural.com\/es\/gracias-por-tu-pedido\/#breadcrumb"},"inLanguage":"es","potentialAction":[{"@type":"ReadAction","target":["https:\/\/mybionatural.com\/es\/gracias-por-tu-pedido\/"]}]},{"@type":"BreadcrumbList","@id":"https:\/\/mybionatural.com\/es\/gracias-por-tu-pedido\/#breadcrumb","itemListElement":[{"@type":"ListItem","position":1,"name":"Home","item":"https:\/\/mybionatural.com\/es\/"},{"@type":"ListItem","position":2,"name":"\u00a1Gracias por tu pedido! \ud83c\udf89"}]},{"@type":"WebSite","@id":"https:\/\/mybionatural.com\/es\/#website","url":"https:\/\/mybionatural.com\/es\/","name":"My Bio Natural - El bienestar es todo bio","description":"","publisher":{"@id":"https:\/\/mybionatural.com\/es\/#organization"},"potentialAction":[{"@type":"SearchAction","target":{"@type":"EntryPoint","urlTemplate":"https:\/\/mybionatural.com\/es\/?s={search_term_string}"},"query-input":{"@type":"PropertyValueSpecification","valueRequired":true,"valueName":"search_term_string"}}],"inLanguage":"es"},{"@type":"Organization","@id":"https:\/\/mybionatural.com\/es\/#organization","name":"My Bio Natural - El bienestar es todo bio","url":"https:\/\/mybionatural.com\/es\/","logo":{"@type":"ImageObject","inLanguage":"es","@id":"https:\/\/mybionatural.com\/es\/#\/schema\/logo\/image\/","url":"https:\/\/mybionatural.com\/es\/wp-content\/uploads\/2025\/01\/cropped-ybionatural-3-2.png","contentUrl":"https:\/\/mybionatural.com\/es\/wp-content\/uploads\/2025\/01\/cropped-ybionatural-3-2.png","width":839,"height":173,"caption":"My Bio Natural - El bienestar es todo bio"},"image":{"@id":"https:\/\/mybionatural.com\/es\/#\/schema\/logo\/image\/"}}]}},"pbg_featured_image_src":{"full":false,"thumbnail":false,"medium":false,"medium_large":false,"large":false,"1536x1536":false,"2048x2048":false},"pbg_author_info":{"display_name":"Alice Moretti","author_link":"https:\/\/mybionatural.com\/es\/author\/alice-moretti\/","author_img":"<img alt='Alice Moretti' src='https:\/\/secure.gravatar.com\/avatar\/cfed4ed0b5d3b4707335f8f67392711313726f4c20854fc234555782b761a5d4?s=128&#038;d=mm&#038;r=g' srcset='https:\/\/secure.gravatar.com\/avatar\/cfed4ed0b5d3b4707335f8f67392711313726f4c20854fc234555782b761a5d4?s=256&#038;d=mm&#038;r=g 2x' class='avatar avatar-128 photo' height='128' width='128' loading='lazy' decoding='async'\/>"},"pbg_comment_info":" No Comments","pbg_excerpt":"Tu solicitud ha sido recibida y estamos procesando tu pedido. En breve, un operador especializado se pondr\u00e1 en contacto contigo para completar el proceso de compra y resolver cualquier duda que puedas tener. \ud83d\udcde \u00bfQu\u00e9 sucede ahora? \ud83e\udd14 \u00a1Atento a tu tel\u00e9fono! \ud83d\udce2 Aseg\u00farate de tener tu tel\u00e9fono disponible para agilizar el proceso de compra.&hellip;","uagb_featured_image_src":{"full":false,"thumbnail":false,"medium":false,"medium_large":false,"large":false,"1536x1536":false,"2048x2048":false},"uagb_author_info":{"display_name":"Alice Moretti","author_link":"https:\/\/mybionatural.com\/es\/author\/alice-moretti\/"},"uagb_comment_info":0,"uagb_excerpt":"Tu solicitud ha sido recibida y estamos procesando tu pedido. En breve, un operador especializado se pondr\u00e1 en contacto contigo para completar el proceso de compra y resolver cualquier duda que puedas tener. \ud83d\udcde \u00bfQu\u00e9 sucede ahora? \ud83e\udd14 \u00a1Atento a tu tel\u00e9fono! \ud83d\udce2 Aseg\u00farate de tener tu tel\u00e9fono disponible para agilizar el proceso de compra.&hellip;","_links":{"self":[{"href":"https:\/\/mybionatural.com\/es\/wp-json\/wp\/v2\/pages\/331","targetHints":{"allow":["GET"]}}],"collection":[{"href":"https:\/\/mybionatural.com\/es\/wp-json\/wp\/v2\/pages"}],"about":[{"href":"https:\/\/mybionatural.com\/es\/wp-json\/wp\/v2\/types\/page"}],"author":[{"embeddable":true,"href":"https:\/\/mybionatural.com\/es\/wp-json\/wp\/v2\/users\/2"}],"replies":[{"embeddable":true,"href":"https:\/\/mybionatural.com\/es\/wp-json\/wp\/v2\/comments?post=331"}],"version-history":[{"count":2,"href":"https:\/\/mybionatural.com\/es\/wp-json\/wp\/v2\/pages\/331\/revisions"}],"predecessor-version":[{"id":349,"href":"https:\/\/mybionatural.com\/es\/wp-json\/wp\/v2\/pages\/331\/revisions\/349"}],"wp:attachment":[{"href":"https:\/\/mybionatural.com\/es\/wp-json\/wp\/v2\/media?parent=331"}],"curies":[{"name":"wp","href":"https:\/\/api.w.org\/{rel}","templated":true}]}}